{"id":2181,"date":"2025-01-23T14:12:05","date_gmt":"2025-01-23T13:12:05","guid":{"rendered":"https:\/\/berg-apartments.com\/finska-sauna\/"},"modified":"2025-01-23T14:12:05","modified_gmt":"2025-01-23T13:12:05","slug":"finska-sauna","status":"publish","type":"page","link":"https:\/\/berg-apartments.com\/sr\/finska-sauna\/","title":{"rendered":"Finska sauna"},"content":{"rendered":"\n<div class=\"wp-block-getwid-advanced-heading alignwide is-style-style-1 alignwide has-custom-font-size\" style=\"font-size:12px\"><p class=\"wp-block-getwid-advanced-heading__content\" style=\"text-align:left;letter-spacing:0.1em\">PODIZANJE UDOBNOSTI NA NAJVI\u0160I NIVO<\/p><\/div>\n\n<div class=\"wp-block-getwid-advanced-heading alignwide alignwide\" style=\"margin-bottom:30px;margin-top:10px\"><h2 class=\"wp-block-getwid-advanced-heading__content\" style=\"text-align:left\">Dobrodo\u0161li u Svet Opu\u0161tanja \u2013 Nova Finska Sauna u Na\u0161em Apartmanskom Kompleksu<\/h2><\/div>\n\n<div class=\"wp-block-getwid-advanced-heading alignwide alignwide\"><span class=\"wp-block-getwid-advanced-heading__content\">Predstavljamo Vam Novo Mesto za Potpuni U\u017eitak i Relaksaciju!<br>Dragi gosti, s ponosom Vas obave\u0161tavamo da je na\u0161 apartmanski kompleks postao bogatiji za jo\u0161 jednu ekskluzivnu uslugu \u2013 modernu finsku saunu!<br>PODIZANJE UDOBNOSTI NA NAJVI\u0160I NIVO&nbsp;<\/span><\/div>\n\n<div style=\"height:100px\" aria-hidden=\"true\" class=\"wp-block-spacer\"><\/div>\n\n<div class=\"wp-block-getwid-section alignfull alignfull getwid-section-content-full-width\"><div class=\"wp-block-getwid-section__wrapper getwid-padding-top-none getwid-padding-bottom-large getwid-padding-left-medium getwid-padding-right-medium getwid-padding-mobile-left-small getwid-padding-mobile-right-small\"><div class=\"wp-block-getwid-section__inner-wrapper\"><div class=\"wp-block-getwid-section__background-holder\"><div class=\"wp-block-getwid-section__background\"><\/div><div class=\"wp-block-getwid-section__foreground\"><\/div><\/div><div class=\"wp-block-getwid-section__content\"><div class=\"wp-block-getwid-section__inner-content\">\n<div class=\"wp-block-columns has-2-columns is-layout-flex wp-container-core-columns-is-layout-1 wp-block-columns-is-layout-flex\">\n<div class=\"wp-block-column is-layout-flow wp-block-column-is-layout-flow\">\n<div class=\"wp-block-getwid-section\"><div class=\"wp-block-getwid-section__wrapper getwid-padding-bottom-none getwid-padding-left-none\" style=\"padding-top:60px;padding-right:70px\"><div class=\"wp-block-getwid-section__inner-wrapper\"><div class=\"wp-block-getwid-section__background-holder\"><div class=\"wp-block-getwid-section__background\"><\/div><div class=\"wp-block-getwid-section__foreground\"><\/div><\/div><div class=\"wp-block-getwid-section__content\"><div class=\"wp-block-getwid-section__inner-content\">\n<div class=\"wp-block-getwid-images-slider has-arrows-inside has-dots-inside has-images-center has-cropped-images alignfull\"><div class=\"wp-block-getwid-images-slider__wrapper\" data-effect=\"slide\" data-slides-show=\"1\" data-slides-show-laptop=\"1\" data-slides-show-tablet=\"1\" data-slides-show-mobile=\"1\" data-slides-scroll=\"1\" data-autoplay=\"false\" data-pause-hover=\"false\" data-autoplay-speed=\"6000\" data-infinite=\"true\" data-animation-speed=\"800\" data-center-mode=\"false\" data-variable-width=\"false\" data-arrows=\"inside\" data-dots=\"inside\" data-spacing=\"none\"><div class=\"wp-block-getwid-images-slider__item\"><figure><img loading=\"lazy\" decoding=\"async\" width=\"1920\" height=\"2560\" src=\"https:\/\/berg-apartments.com\/wp-content\/uploads\/2025\/01\/image1-scaled.jpeg\" data-id=\"2152\" data-link=\"https:\/\/berg-apartments.com\/finnish-sauna\/image1\/\" data-original-link=\"https:\/\/berg-apartments.com\/wp-content\/uploads\/2025\/01\/image1-scaled.jpeg\" class=\"wp-block-getwid-images-slider__image wp-image-2152\" srcset=\"https:\/\/berg-apartments.com\/wp-content\/uploads\/2025\/01\/image1-scaled.jpeg 1920w, https:\/\/berg-apartments.com\/wp-content\/uploads\/2025\/01\/image1-225x300.jpeg 225w, https:\/\/berg-apartments.com\/wp-content\/uploads\/2025\/01\/image1-768x1024.jpeg 768w, https:\/\/berg-apartments.com\/wp-content\/uploads\/2025\/01\/image1-1152x1536.jpeg 1152w, https:\/\/berg-apartments.com\/wp-content\/uploads\/2025\/01\/image1-1536x2048.jpeg 1536w, https:\/\/berg-apartments.com\/wp-content\/uploads\/2025\/01\/image1-1170x1560.jpeg 1170w\" sizes=\"auto, (max-width: 1920px) 100vw, 1920px\" \/><\/figure><\/div><div class=\"wp-block-getwid-images-slider__item\"><figure><img loading=\"lazy\" decoding=\"async\" width=\"2560\" height=\"1920\" src=\"https:\/\/berg-apartments.com\/wp-content\/uploads\/2025\/01\/image0-scaled.jpeg\" data-id=\"2149\" data-link=\"https:\/\/berg-apartments.com\/finnish-sauna\/image0\/\" data-original-link=\"https:\/\/berg-apartments.com\/wp-content\/uploads\/2025\/01\/image0-scaled.jpeg\" class=\"wp-block-getwid-images-slider__image wp-image-2149\" srcset=\"https:\/\/berg-apartments.com\/wp-content\/uploads\/2025\/01\/image0-scaled.jpeg 2560w, https:\/\/berg-apartments.com\/wp-content\/uploads\/2025\/01\/image0-300x225.jpeg 300w, https:\/\/berg-apartments.com\/wp-content\/uploads\/2025\/01\/image0-1024x768.jpeg 1024w, https:\/\/berg-apartments.com\/wp-content\/uploads\/2025\/01\/image0-768x576.jpeg 768w, https:\/\/berg-apartments.com\/wp-content\/uploads\/2025\/01\/image0-1536x1152.jpeg 1536w, https:\/\/berg-apartments.com\/wp-content\/uploads\/2025\/01\/image0-2048x1536.jpeg 2048w, https:\/\/berg-apartments.com\/wp-content\/uploads\/2025\/01\/image0-1170x878.jpeg 1170w\" sizes=\"auto, (max-width: 2560px) 100vw, 2560px\" \/><\/figure><\/div><div class=\"wp-block-getwid-images-slider__item\"><figure><img loading=\"lazy\" decoding=\"async\" width=\"1920\" height=\"2560\" src=\"https:\/\/berg-apartments.com\/wp-content\/uploads\/2025\/01\/image2-scaled.jpeg\" data-id=\"2146\" data-link=\"https:\/\/berg-apartments.com\/finnish-sauna\/image2\/\" data-original-link=\"https:\/\/berg-apartments.com\/wp-content\/uploads\/2025\/01\/image2-scaled.jpeg\" class=\"wp-block-getwid-images-slider__image wp-image-2146\" srcset=\"https:\/\/berg-apartments.com\/wp-content\/uploads\/2025\/01\/image2-scaled.jpeg 1920w, https:\/\/berg-apartments.com\/wp-content\/uploads\/2025\/01\/image2-225x300.jpeg 225w, https:\/\/berg-apartments.com\/wp-content\/uploads\/2025\/01\/image2-768x1024.jpeg 768w, https:\/\/berg-apartments.com\/wp-content\/uploads\/2025\/01\/image2-1152x1536.jpeg 1152w, https:\/\/berg-apartments.com\/wp-content\/uploads\/2025\/01\/image2-1536x2048.jpeg 1536w, https:\/\/berg-apartments.com\/wp-content\/uploads\/2025\/01\/image2-1170x1560.jpeg 1170w\" sizes=\"auto, (max-width: 1920px) 100vw, 1920px\" \/><\/figure><\/div><div class=\"wp-block-getwid-images-slider__item\"><figure><img loading=\"lazy\" decoding=\"async\" width=\"1920\" height=\"2560\" src=\"https:\/\/berg-apartments.com\/wp-content\/uploads\/2025\/01\/image3-scaled.jpeg\" data-id=\"2143\" data-link=\"https:\/\/berg-apartments.com\/finnish-sauna\/image3\/\" data-original-link=\"https:\/\/berg-apartments.com\/wp-content\/uploads\/2025\/01\/image3-scaled.jpeg\" class=\"wp-block-getwid-images-slider__image wp-image-2143\" srcset=\"https:\/\/berg-apartments.com\/wp-content\/uploads\/2025\/01\/image3-scaled.jpeg 1920w, https:\/\/berg-apartments.com\/wp-content\/uploads\/2025\/01\/image3-225x300.jpeg 225w, https:\/\/berg-apartments.com\/wp-content\/uploads\/2025\/01\/image3-768x1024.jpeg 768w, https:\/\/berg-apartments.com\/wp-content\/uploads\/2025\/01\/image3-1152x1536.jpeg 1152w, https:\/\/berg-apartments.com\/wp-content\/uploads\/2025\/01\/image3-1536x2048.jpeg 1536w, https:\/\/berg-apartments.com\/wp-content\/uploads\/2025\/01\/image3-1170x1560.jpeg 1170w\" sizes=\"auto, (max-width: 1920px) 100vw, 1920px\" \/><\/figure><\/div><\/div><\/div>\n<\/div><\/div><\/div><\/div><\/div>\n<\/div>\n\n\n\n<div class=\"wp-block-column is-layout-flow wp-block-column-is-layout-flow\">\n<div class=\"wp-block-getwid-section\"><div class=\"wp-block-getwid-section__wrapper getwid-padding-bottom-none getwid-padding-right-none\" style=\"padding-top:60px;padding-left:20px\"><div class=\"wp-block-getwid-section__inner-wrapper\"><div class=\"wp-block-getwid-section__background-holder\"><div class=\"wp-block-getwid-section__background\"><\/div><div class=\"wp-block-getwid-section__foreground\"><\/div><\/div><div class=\"wp-block-getwid-section__content\"><div class=\"wp-block-getwid-section__inner-content\">\n<div class=\"wp-block-getwid-advanced-heading is-style-style-1 has-custom-font-size\" style=\"font-size:12px\"><p class=\"wp-block-getwid-advanced-heading__content\" style=\"letter-spacing:0.1em\">Za\u0161to Sauna?<\/p><\/div>\n\n\n\n<div class=\"wp-block-getwid-section getwid-section-content-custom-width\"><div class=\"wp-block-getwid-section__wrapper getwid-padding-top-none getwid-padding-bottom-none getwid-padding-left-medium getwid-padding-right-none getwid-justify-content-flex-start\"><div class=\"wp-block-getwid-section__inner-wrapper\"><div class=\"wp-block-getwid-section__background-holder\"><div class=\"wp-block-getwid-section__background\"><\/div><div class=\"wp-block-getwid-section__foreground\"><\/div><\/div><div class=\"wp-block-getwid-section__content\"><div class=\"wp-block-getwid-section__inner-content\">\n<p>Finska sauna nije samo luksuz, ve\u0107 i investicija u Va\u0161e zdravlje i blagostanje. Redovno kori\u0161\u0107enje saune:  <\/p>\n\n\n\n<div class=\"wp-block-uagb-icon-list uagb-block-a9d9d367\"><div class=\"uagb-icon-list__wrap\">\n<div class=\"wp-block-uagb-icon-list-child uagb-block-a7cf79ee\"><span class=\"uagb-icon-list__source-wrap\"><svg xmlns=\"https:\/\/www.w3.org\/2000\/svg\" viewbox=\"0 0 512 512\"><path d=\"M256 0C114.6 0 0 114.6 0 256c0 141.4 114.6 256 256 256s256-114.6 256-256C512 114.6 397.4 0 256 0zM406.6 278.6l-103.1 103.1c-12.5 12.5-32.75 12.5-45.25 0s-12.5-32.75 0-45.25L306.8 288H128C110.3 288 96 273.7 96 256s14.31-32 32-32h178.8l-49.38-49.38c-12.5-12.5-12.5-32.75 0-45.25s32.75-12.5 45.25 0l103.1 103.1C414.6 241.3 416 251.1 416 256C416 260.9 414.6 270.7 406.6 278.6z\"><\/path><\/svg><\/span><span class=\"uagb-icon-list__label\">Detoksikuje telo i osloba\u0111a od nagomilanog stresa. <\/span><\/div>\n\n\n\n<div class=\"wp-block-uagb-icon-list-child uagb-block-5ab80e70\"><span class=\"uagb-icon-list__source-wrap\"><svg xmlns=\"https:\/\/www.w3.org\/2000\/svg\" viewbox=\"0 0 512 512\"><path d=\"M256 0C114.6 0 0 114.6 0 256c0 141.4 114.6 256 256 256s256-114.6 256-256C512 114.6 397.4 0 256 0zM406.6 278.6l-103.1 103.1c-12.5 12.5-32.75 12.5-45.25 0s-12.5-32.75 0-45.25L306.8 288H128C110.3 288 96 273.7 96 256s14.31-32 32-32h178.8l-49.38-49.38c-12.5-12.5-12.5-32.75 0-45.25s32.75-12.5 45.25 0l103.1 103.1C414.6 241.3 416 251.1 416 256C416 260.9 414.6 270.7 406.6 278.6z\"><\/path><\/svg><\/span><span class=\"uagb-icon-list__label\">Pobolj\u0161ava cirkulaciju i ja\u010da imunitet. <\/span><\/div>\n\n\n\n<div class=\"wp-block-uagb-icon-list-child uagb-block-879a3516\"><span class=\"uagb-icon-list__source-wrap\"><svg xmlns=\"https:\/\/www.w3.org\/2000\/svg\" viewbox=\"0 0 512 512\"><path d=\"M256 0C114.6 0 0 114.6 0 256c0 141.4 114.6 256 256 256s256-114.6 256-256C512 114.6 397.4 0 256 0zM406.6 278.6l-103.1 103.1c-12.5 12.5-32.75 12.5-45.25 0s-12.5-32.75 0-45.25L306.8 288H128C110.3 288 96 273.7 96 256s14.31-32 32-32h178.8l-49.38-49.38c-12.5-12.5-12.5-32.75 0-45.25s32.75-12.5 45.25 0l103.1 103.1C414.6 241.3 416 251.1 416 256C416 260.9 414.6 270.7 406.6 278.6z\"><\/path><\/svg><\/span><span class=\"uagb-icon-list__label\">Opusta mi\u0161i\u0107e i ubla\u017eava bolove. <\/span><\/div>\n\n\n\n<div class=\"wp-block-uagb-icon-list-child uagb-block-b39da935\"><span class=\"uagb-icon-list__source-wrap\"><svg xmlns=\"https:\/\/www.w3.org\/2000\/svg\" viewbox=\"0 0 512 512\"><path d=\"M256 0C114.6 0 0 114.6 0 256c0 141.4 114.6 256 256 256s256-114.6 256-256C512 114.6 397.4 0 256 0zM406.6 278.6l-103.1 103.1c-12.5 12.5-32.75 12.5-45.25 0s-12.5-32.75 0-45.25L306.8 288H128C110.3 288 96 273.7 96 256s14.31-32 32-32h178.8l-49.38-49.38c-12.5-12.5-12.5-32.75 0-45.25s32.75-12.5 45.25 0l103.1 103.1C414.6 241.3 416 251.1 416 256C416 260.9 414.6 270.7 406.6 278.6z\"><\/path><\/svg><\/span><span class=\"uagb-icon-list__label\">Podi\u017ee raspolo\u017eenje i doprinosi mentalnoj jasno\u0107i. <\/span><\/div>\n<\/div><\/div>\n\n\n\n<div class=\"wp-block-group\"><div class=\"wp-block-group__inner-container is-layout-constrained wp-block-group-is-layout-constrained\">\n<div class=\"wp-block-group\"><div class=\"wp-block-group__inner-container is-layout-constrained wp-block-group-is-layout-constrained\">\n<div class=\"wp-block-group\"><div class=\"wp-block-group__inner-container is-layout-constrained wp-block-group-is-layout-constrained\">\n<div class=\"wp-block-group\"><div class=\"wp-block-group__inner-container is-layout-constrained wp-block-group-is-layout-constrained\">\n<div class=\"wp-block-group\"><div class=\"wp-block-group__inner-container is-layout-constrained wp-block-group-is-layout-constrained\">\n<div class=\"wp-block-getwid-advanced-heading is-style-style-1 has-custom-font-size\" style=\"font-size:12px\"><p class=\"wp-block-getwid-advanced-heading__content\" style=\"letter-spacing:0.1em\">Savr\u0161en Beg od Svakodnevice<\/p><\/div>\n\n\n\n<p>Zamislite savr\u0161en zavr\u0161etak dana \u2013 u\u017eivanje u toplini saune nakon dugih \u0161etnji, skijanja ili istra\u017eivanja lokalnih atrakcija.<\/p>\n<\/div><\/div>\n<\/div><\/div>\n<\/div><\/div>\n\n\n\n<div class=\"wp-block-group\"><div class=\"wp-block-group__inner-container is-layout-constrained wp-block-group-is-layout-constrained\">\n<div class=\"wp-block-getwid-advanced-heading is-style-style-1 has-custom-font-size\" style=\"font-size:12px\"><p class=\"wp-block-getwid-advanced-heading__content\" style=\"text-align:left;letter-spacing:0.1em\">Posebna Promotivna Ponuda!<\/p><\/div>\n\n\n\n<p class=\"has-text-align-left\">U \u010dast otvaranja, svim gostima apartmana nudimo <strong>besplatno kori\u0161\u0107enje saune u prvih sedam dana boravka.<\/strong> Iskoristite priliku da se prepustite u\u017eivanju i osve\u017eite duh i telo. <\/p>\n<\/div><\/div>\n<\/div><\/div>\n\n\n\n<div class=\"wp-block-group\"><div class=\"wp-block-group__inner-container is-layout-constrained wp-block-group-is-layout-constrained\">\n<div class=\"wp-block-group\"><div class=\"wp-block-group__inner-container is-layout-constrained wp-block-group-is-layout-constrained\">\n<div class=\"wp-block-getwid-advanced-heading is-style-style-1 has-custom-font-size\" style=\"font-size:12px\"><p class=\"wp-block-getwid-advanced-heading__content\" style=\"letter-spacing:0.1em\">Rezervi\u0161ite na Vreme!<\/p><\/div>\n\n\n\n<p>Broj termina je ograni\u010den. Rezervi\u0161ite svoju sesiju na recepciji ili putem na\u0161eg sajta i obezbedite sebi trenutke potpune harmonije. <\/p>\n<\/div><\/div>\n<\/div><\/div>\n\n\n\n<div class=\"wp-block-group\"><div class=\"wp-block-group__inner-container is-layout-constrained wp-block-group-is-layout-constrained\">\n<div class=\"wp-block-group\"><div class=\"wp-block-group__inner-container is-layout-constrained wp-block-group-is-layout-constrained\">\n<div class=\"wp-block-getwid-advanced-heading is-style-style-1 has-custom-font-size\" style=\"font-size:12px\"><p class=\"wp-block-getwid-advanced-heading__content\" style=\"letter-spacing:0.1em\">Va\u0161 Odmor Zaslu\u017euje Najbolje!<\/p><\/div>\n\n\n\n<p>Dozvolite sebi da osetite toplinu prave relaksacije. Sauna je tu da u\u010dini Va\u0161 boravak nezaboravnim!<\/p>\n\n\n\n<figure class=\"wp-block-video\"><video controls=\"\" muted=\"\" src=\"https:\/\/berg-apartments.com\/wp-content\/uploads\/2025\/01\/VID-20241202-WA0013.mp4\" playsinline=\"\"><\/video><\/figure>\n<\/div><\/div>\n<\/div><\/div>\n<\/div><\/div>\n<\/div><\/div><\/div><\/div><\/div>\n<\/div><\/div><\/div><\/div><\/div>\n<\/div>\n<\/div>\n<\/div><\/div><\/div><\/div><\/div>\n","protected":false},"excerpt":{"rendered":"","protected":false},"author":2,"featured_media":0,"parent":0,"menu_order":0,"comment_status":"closed","ping_status":"closed","template":"","meta":{"om_disable_all_campaigns":false,"_uag_custom_page_level_css":"","_monsterinsights_skip_tracking":false,"_monsterinsights_sitenote_active":false,"_monsterinsights_sitenote_note":"","_monsterinsights_sitenote_category":0,"footnotes":""},"class_list":["post-2181","page","type-page","status-publish","hentry"],"aioseo_notices":[],"uagb_featured_image_src":{"full":false,"thumbnail":false,"medium":false,"medium_large":false,"large":false,"1536x1536":false,"2048x2048":false,"post-thumbnail":false,"luviana-x-large":false,"luviana-x-small":false,"luviana-small":false,"luviana-square":false},"uagb_author_info":{"display_name":"admin","author_link":"https:\/\/berg-apartments.com\/sr\/author\/admin\/"},"uagb_comment_info":0,"uagb_excerpt":null,"_links":{"self":[{"href":"https:\/\/berg-apartments.com\/sr\/wp-json\/wp\/v2\/pages\/2181","targetHints":{"allow":["GET"]}}],"collection":[{"href":"https:\/\/berg-apartments.com\/sr\/wp-json\/wp\/v2\/pages"}],"about":[{"href":"https:\/\/berg-apartments.com\/sr\/wp-json\/wp\/v2\/types\/page"}],"author":[{"embeddable":true,"href":"https:\/\/berg-apartments.com\/sr\/wp-json\/wp\/v2\/users\/2"}],"replies":[{"embeddable":true,"href":"https:\/\/berg-apartments.com\/sr\/wp-json\/wp\/v2\/comments?post=2181"}],"version-history":[{"count":1,"href":"https:\/\/berg-apartments.com\/sr\/wp-json\/wp\/v2\/pages\/2181\/revisions"}],"predecessor-version":[{"id":2182,"href":"https:\/\/berg-apartments.com\/sr\/wp-json\/wp\/v2\/pages\/2181\/revisions\/2182"}],"wp:attachment":[{"href":"https:\/\/berg-apartments.com\/sr\/wp-json\/wp\/v2\/media?parent=2181"}],"curies":[{"name":"wp","href":"https:\/\/api.w.org\/{rel}","templated":true}]}}